{"id":5635,"date":"2024-12-16T12:51:36","date_gmt":"2024-12-16T11:51:36","guid":{"rendered":"https:\/\/www.pompaelowines.com\/pompaelo-blanc-de-noir\/"},"modified":"2024-12-19T11:35:46","modified_gmt":"2024-12-19T10:35:46","slug":"pompaelo-blanc-de-noir","status":"publish","type":"page","link":"https:\/\/www.pompaelowines.com\/de\/pompaelo-blanc-de-noir\/","title":{"rendered":"Pompaelo &#8222;Blanc de Noir&#8220;"},"content":{"rendered":"\t\t<div data-elementor-type=\"wp-page\" data-elementor-id=\"5635\" class=\"elementor elementor-5635 elementor-5567\">\n\t\t\t\t\t\t\t\t\t<section class=\"elementor-section elementor-top-section elementor-element elementor-element-e6e8bfe elementor-section-full_width elementor-section-height-min-height elementor-section-stretched elementor-section-height-default elementor-section-items-middle\" data-id=\"e6e8bfe\" data-element_type=\"section\" data-settings=\"{&quot;stretch_section&quot;:&quot;section-stretched&quot;,&quot;background_background&quot;:&quot;classic&quot;}\">\n\t\t\t\t\t\t\t<div class=\"elementor-background-overlay\"><\/div>\n\t\t\t\t\t\t\t<div class=\"elementor-container elementor-column-gap-no\">\n\t\t\t\t\t<div class=\"elementor-column elementor-col-50 elementor-top-column elementor-element elementor-element-e3463db\" data-id=\"e3463db\" data-element_type=\"column\">\n\t\t\t<div class=\"elementor-widget-wrap\">\n\t\t\t\t\t\t\t\t\t<\/div>\n\t\t<\/div>\n\t\t\t\t<div class=\"elementor-column elementor-col-50 elementor-top-column elementor-element elementor-element-77d7fb53\" data-id=\"77d7fb53\" data-element_type=\"column\">\n\t\t\t<div class=\"elementor-widget-wrap elementor-element-populated\">\n\t\t\t\t\t\t\t\t<div class=\"elementor-element elementor-element-2192139 elementor-widget elementor-widget-heading\" data-id=\"2192139\" data-element_type=\"widget\" data-widget_type=\"heading.default\">\n\t\t\t\t<div class=\"elementor-widget-container\">\n\t\t\t<style>\/*! elementor - v3.15.0 - 20-08-2023 *\/\n.elementor-heading-title{padding:0;margin:0;line-height:1}.elementor-widget-heading .elementor-heading-title[class*=elementor-size-]>a{color:inherit;font-size:inherit;line-height:inherit}.elementor-widget-heading .elementor-heading-title.elementor-size-small{font-size:15px}.elementor-widget-heading .elementor-heading-title.elementor-size-medium{font-size:19px}.elementor-widget-heading .elementor-heading-title.elementor-size-large{font-size:29px}.elementor-widget-heading .elementor-heading-title.elementor-size-xl{font-size:39px}.elementor-widget-heading .elementor-heading-title.elementor-size-xxl{font-size:59px}<\/style><h2 class=\"elementor-heading-title elementor-size-default\">POMPAELO \"BLANC DE NOIR\"<\/h2>\t\t<\/div>\n\t\t\t\t<\/div>\n\t\t\t\t<div class=\"elementor-element elementor-element-7f08bf09 elementor-widget elementor-widget-text-editor\" data-id=\"7f08bf09\" data-element_type=\"widget\" data-widget_type=\"text-editor.default\">\n\t\t\t\t<div class=\"elementor-widget-container\">\n\t\t\t<style>\/*! elementor - v3.15.0 - 20-08-2023 *\/\n.elementor-widget-text-editor.elementor-drop-cap-view-stacked .elementor-drop-cap{background-color:#69727d;color:#fff}.elementor-widget-text-editor.elementor-drop-cap-view-framed .elementor-drop-cap{color:#69727d;border:3px solid;background-color:transparent}.elementor-widget-text-editor:not(.elementor-drop-cap-view-default) .elementor-drop-cap{margin-top:8px}.elementor-widget-text-editor:not(.elementor-drop-cap-view-default) .elementor-drop-cap-letter{width:1em;height:1em}.elementor-widget-text-editor .elementor-drop-cap{float:left;text-align:center;line-height:1;font-size:50px}.elementor-widget-text-editor .elementor-drop-cap-letter{display:inline-block}<\/style>\t\t\t\t<h3><strong>WEIN &#8222;3 RIBERAS&#8220;<\/strong><\/h3>\n<p>&#8222;Gesch\u00fctzte geografische Angabe, die 2008 gegr\u00fcndet wurde. Der Name 3 Riberas stammt von den drei Hauptfl\u00fcssen, die durch das Produktionsgebiet flie\u00dfen: den Fl\u00fcssen Arga, Ega und Arag\u00f3n.&#8220;<\/p>\n<p><strong>VARIET\u00c4T<\/strong><\/p>\n<h5 class=\"alttitle\">100% Garnacha<\/h5>\n<p class=\"alttitle\"><strong>AUSARBEITUNG<\/strong><\/p>\n<p><strong>\u201cEin eleganter und raffinierter Wein, der aus Garnacha-Trauben hergestellt wird <\/strong><strong>\u201c<\/strong><\/p>\n<h5 class=\"alttitle\"> <\/h5>\n\t\t\t\t\t\t<\/div>\n\t\t\t\t<\/div>\n\t\t\t\t\t<\/div>\n\t\t<\/div>\n\t\t\t\t\t\t\t<\/div>\n\t\t<\/section>\n\t\t\t\t<section class=\"elementor-section elementor-top-section elementor-element elementor-element-4aa3e691 elementor-section-full_width elementor-section-height-min-height elementor-section-stretched elementor-section-height-default elementor-section-items-middle\" data-id=\"4aa3e691\" data-element_type=\"section\" data-settings=\"{&quot;stretch_section&quot;:&quot;section-stretched&quot;,&quot;background_background&quot;:&quot;classic&quot;}\">\n\t\t\t\t\t\t\t<div class=\"elementor-background-overlay\"><\/div>\n\t\t\t\t\t\t\t<div class=\"elementor-container elementor-column-gap-no\">\n\t\t\t\t\t<div class=\"elementor-column elementor-col-50 elementor-top-column elementor-element elementor-element-341c4737\" data-id=\"341c4737\" data-element_type=\"column\">\n\t\t\t<div class=\"elementor-widget-wrap\">\n\t\t\t\t\t\t\t\t\t<\/div>\n\t\t<\/div>\n\t\t\t\t<div class=\"elementor-column elementor-col-50 elementor-top-column elementor-element elementor-element-46629177\" data-id=\"46629177\" data-element_type=\"column\">\n\t\t\t<div class=\"elementor-widget-wrap elementor-element-populated\">\n\t\t\t\t\t\t\t\t<div class=\"elementor-element elementor-element-3bba571a elementor-widget elementor-widget-text-editor\" data-id=\"3bba571a\" data-element_type=\"widget\" data-widget_type=\"text-editor.default\">\n\t\t\t\t<div class=\"elementor-widget-container\">\n\t\t\t\t\t\t\t<p class=\"alttitle\"><strong>VERKOSTUNGSNOTIZEN<\/strong><\/p>\n<p>Helles, blasses Farbspiel mit leicht goldenen oder lachsfarbenen T\u00f6nen, ohne ros\u00e9 zu sein.<\/p>\n<p>In der Nase zeigt er Noten von frischen roten Fr\u00fcchten, Pfirsich und leichte Ankl\u00e4nge von Lakritz. <\/p>\n<p>Frisch und sehr fruchtig am Gaumen, mit einem angenehmen Gleichgewicht von K\u00f6rper und S\u00e4ure.<\/p>\n<p class=\"alttitle\"><strong>SPEISENEMPFEHLUNGEN<\/strong><\/p>\n<p>Dank seiner aromatischen Komplexit\u00e4t und Textur passt er zu einer Vielzahl von Gerichten und Rezepten.<\/p>\n<p><strong>SERVICE<\/strong><\/p>\n<p>Ideale Serviertemperatur: 11\u00b0C \u2013 13\u00b0C.<\/p>\n\t\t\t\t\t\t<\/div>\n\t\t\t\t<\/div>\n\t\t\t\t\t<\/div>\n\t\t<\/div>\n\t\t\t\t\t\t\t<\/div>\n\t\t<\/section>\n\t\t\t\t<section class=\"elementor-section elementor-top-section elementor-element elementor-element-45d0922e elementor-section-boxed elementor-section-height-default elementor-section-height-default\" data-id=\"45d0922e\" data-element_type=\"section\">\n\t\t\t\t\t\t<div class=\"elementor-container elementor-column-gap-default\">\n\t\t\t\t\t<div class=\"elementor-column elementor-col-100 elementor-top-column elementor-element elementor-element-1f2fc855\" data-id=\"1f2fc855\" data-element_type=\"column\">\n\t\t\t<div class=\"elementor-widget-wrap elementor-element-populated\">\n\t\t\t\t\t\t\t\t<div class=\"elementor-element elementor-element-f46febe elementor-widget elementor-widget-text-editor\" data-id=\"f46febe\" data-element_type=\"widget\" data-widget_type=\"text-editor.default\">\n\t\t\t\t<div class=\"elementor-widget-container\">\n\t\t\t\t\t\t\t<p><strong>&#8222;EIN DESIGN, DAS EXKLUSIVIT\u00c4T UND DIE SORGFALT IN DER HERSTELLUNG \u00dcBERMITTELT. NEUTRALE T\u00d6NE WIE WEISS, SCHWARZ UND METALLISCHE AKZENTE WIE GOLD ODER SILBER VERST\u00c4RKEN DIE IDEE VON QUALIT\u00c4T UND UNTERSCHEIDUNG. DAS ETIKETT H\u00c4LT EINE KOH\u00c4RENZ MIT DER VISUELLEN IDENTIT\u00c4T DER MARKE UND VERST\u00c4RKT DAS IMAGE UND DIE WERTE DURCH DIE VERWENDUNG DES R\u00d6MISCHEN MOSAIKS.&#8220;<\/strong><\/p>\n\t\t\t\t\t\t<\/div>\n\t\t\t\t<\/div>\n\t\t\t\t\t<\/div>\n\t\t<\/div>\n\t\t\t\t\t\t\t<\/div>\n\t\t<\/section>\n\t\t\t\t<section class=\"elementor-section elementor-top-section elementor-element elementor-element-19455a2 elementor-section-boxed elementor-section-height-default elementor-section-height-default\" data-id=\"19455a2\" data-element_type=\"section\">\n\t\t\t\t\t\t<div class=\"elementor-container elementor-column-gap-default\">\n\t\t\t\t\t<div class=\"elementor-column elementor-col-20 elementor-top-column elementor-element elementor-element-1116fe9\" data-id=\"1116fe9\" data-element_type=\"column\">\n\t\t\t<div class=\"elementor-widget-wrap elementor-element-populated\">\n\t\t\t\t\t\t\t\t<div class=\"elementor-element elementor-element-18c9a1f elementor-widget elementor-widget-image\" data-id=\"18c9a1f\" data-element_type=\"widget\" data-widget_type=\"image.default\">\n\t\t\t\t<div class=\"elementor-widget-container\">\n\t\t\t<style>\/*! elementor - v3.15.0 - 20-08-2023 *\/\n.elementor-widget-image{text-align:center}.elementor-widget-image a{display:inline-block}.elementor-widget-image a img[src$=\".svg\"]{width:48px}.elementor-widget-image img{vertical-align:middle;display:inline-block}<\/style>\t\t\t\t\t\t\t\t\t\t\t\t<img decoding=\"async\" width=\"372\" height=\"1024\" src=\"https:\/\/www.pompaelowines.com\/wp-content\/uploads\/2023\/03\/azul-dorada-H-372x1024.png\" class=\"attachment-large size-large wp-image-4644\" alt=\"\" loading=\"lazy\" srcset=\"https:\/\/www.pompaelowines.com\/wp-content\/uploads\/2023\/03\/azul-dorada-H-372x1024.png 372w, https:\/\/www.pompaelowines.com\/wp-content\/uploads\/2023\/03\/azul-dorada-H-109x300.png 109w, https:\/\/www.pompaelowines.com\/wp-content\/uploads\/2023\/03\/azul-dorada-H-768x2111.png 768w, https:\/\/www.pompaelowines.com\/wp-content\/uploads\/2023\/03\/azul-dorada-H-745x2048.png 745w, https:\/\/www.pompaelowines.com\/wp-content\/uploads\/2023\/03\/azul-dorada-H-600x1650.png 600w, https:\/\/www.pompaelowines.com\/wp-content\/uploads\/2023\/03\/azul-dorada-H.png 945w\" sizes=\"(max-width: 372px) 100vw, 372px\" \/>\t\t\t\t\t\t\t\t\t\t\t\t\t\t\t<\/div>\n\t\t\t\t<\/div>\n\t\t\t\t<div class=\"elementor-element elementor-element-95eadf8 elementor-widget elementor-widget-text-editor\" data-id=\"95eadf8\" data-element_type=\"widget\" data-widget_type=\"text-editor.default\">\n\t\t\t\t<div class=\"elementor-widget-container\">\n\t\t\t\t\t\t\t<h6><strong>Pompaelo Old Vines<\/strong><\/h6>\n\t\t\t\t\t\t<\/div>\n\t\t\t\t<\/div>\n\t\t\t\t<div class=\"elementor-element elementor-element-331261e elementor-align-center elementor-tablet-align-center elementor-mobile-align-center elementor-widget elementor-widget-button\" data-id=\"331261e\" data-element_type=\"widget\" data-widget_type=\"button.default\">\n\t\t\t\t<div class=\"elementor-widget-container\">\n\t\t\t\t\t<div class=\"elementor-button-wrapper\">\n\t\t\t<a class=\"elementor-button elementor-button-link elementor-size-sm\" href=\"https:\/\/www.pompaelowines.com\/de\/pompaelo-garnacha-old-vines\/\">\n\t\t\t\t\t\t<span class=\"elementor-button-content-wrapper\">\n\t\t\t\t\t\t<span class=\"elementor-button-text\">Mehr sehen<\/span>\n\t\t<\/span>\n\t\t\t\t\t<\/a>\n\t\t<\/div>\n\t\t\t\t<\/div>\n\t\t\t\t<\/div>\n\t\t\t\t\t<\/div>\n\t\t<\/div>\n\t\t\t\t<div class=\"elementor-column elementor-col-20 elementor-top-column elementor-element elementor-element-8e140e1\" data-id=\"8e140e1\" data-element_type=\"column\">\n\t\t\t<div class=\"elementor-widget-wrap elementor-element-populated\">\n\t\t\t\t\t\t\t\t<div class=\"elementor-element elementor-element-5dc4df1 elementor-widget elementor-widget-image\" data-id=\"5dc4df1\" data-element_type=\"widget\" data-widget_type=\"image.default\">\n\t\t\t\t<div class=\"elementor-widget-container\">\n\t\t\t\t\t\t\t\t\t\t\t\t\t\t\t<img decoding=\"async\" width=\"235\" height=\"1024\" src=\"https:\/\/www.pompaelowines.com\/wp-content\/uploads\/2023\/02\/Pompaelo-crianza-235x1024.png\" class=\"attachment-large size-large wp-image-2543\" alt=\"\" loading=\"lazy\" srcset=\"https:\/\/www.pompaelowines.com\/wp-content\/uploads\/2023\/02\/Pompaelo-crianza-235x1024.png 235w, https:\/\/www.pompaelowines.com\/wp-content\/uploads\/2023\/02\/Pompaelo-crianza-69x300.png 69w, https:\/\/www.pompaelowines.com\/wp-content\/uploads\/2023\/02\/Pompaelo-crianza-768x3349.png 768w, https:\/\/www.pompaelowines.com\/wp-content\/uploads\/2023\/02\/Pompaelo-crianza-352x1536.png 352w, https:\/\/www.pompaelowines.com\/wp-content\/uploads\/2023\/02\/Pompaelo-crianza-470x2048.png 470w, https:\/\/www.pompaelowines.com\/wp-content\/uploads\/2023\/02\/Pompaelo-crianza-600x2616.png 600w, https:\/\/www.pompaelowines.com\/wp-content\/uploads\/2023\/02\/Pompaelo-crianza.png 1035w\" sizes=\"(max-width: 235px) 100vw, 235px\" \/>\t\t\t\t\t\t\t\t\t\t\t\t\t\t\t<\/div>\n\t\t\t\t<\/div>\n\t\t\t\t<div class=\"elementor-element elementor-element-1d2c765a elementor-widget elementor-widget-text-editor\" data-id=\"1d2c765a\" data-element_type=\"widget\" data-widget_type=\"text-editor.default\">\n\t\t\t\t<div class=\"elementor-widget-container\">\n\t\t\t\t\t\t\t<h6><strong>Pompaelo Crianza<\/strong><\/h6>\n\t\t\t\t\t\t<\/div>\n\t\t\t\t<\/div>\n\t\t\t\t<div class=\"elementor-element elementor-element-6dcc8950 elementor-align-center elementor-tablet-align-center elementor-mobile-align-center elementor-widget elementor-widget-button\" data-id=\"6dcc8950\" data-element_type=\"widget\" data-widget_type=\"button.default\">\n\t\t\t\t<div class=\"elementor-widget-container\">\n\t\t\t\t\t<div class=\"elementor-button-wrapper\">\n\t\t\t<a class=\"elementor-button elementor-button-link elementor-size-sm\" href=\"https:\/\/www.pompaelowines.com\/de\/pompaelo-crianza\/\">\n\t\t\t\t\t\t<span class=\"elementor-button-content-wrapper\">\n\t\t\t\t\t\t<span class=\"elementor-button-text\">Mehr sehen<\/span>\n\t\t<\/span>\n\t\t\t\t\t<\/a>\n\t\t<\/div>\n\t\t\t\t<\/div>\n\t\t\t\t<\/div>\n\t\t\t\t\t<\/div>\n\t\t<\/div>\n\t\t\t\t<div class=\"elementor-column elementor-col-20 elementor-top-column elementor-element elementor-element-ae98a94\" data-id=\"ae98a94\" data-element_type=\"column\">\n\t\t\t<div class=\"elementor-widget-wrap elementor-element-populated\">\n\t\t\t\t\t\t\t\t<div class=\"elementor-element elementor-element-402a81b6 elementor-widget elementor-widget-image\" data-id=\"402a81b6\" data-element_type=\"widget\" data-widget_type=\"image.default\">\n\t\t\t\t<div class=\"elementor-widget-container\">\n\t\t\t\t\t\t\t\t\t\t\t\t\t\t\t<img decoding=\"async\" width=\"300\" height=\"600\" src=\"https:\/\/www.pompaelowines.com\/wp-content\/uploads\/2018\/08\/tinto_tienda.jpg\" class=\"attachment-large size-large wp-image-2206\" alt=\"\" loading=\"lazy\" srcset=\"https:\/\/www.pompaelowines.com\/wp-content\/uploads\/2018\/08\/tinto_tienda.jpg 300w, https:\/\/www.pompaelowines.com\/wp-content\/uploads\/2018\/08\/tinto_tienda-150x300.jpg 150w\" sizes=\"(max-width: 300px) 100vw, 300px\" \/>\t\t\t\t\t\t\t\t\t\t\t\t\t\t\t<\/div>\n\t\t\t\t<\/div>\n\t\t\t\t<div class=\"elementor-element elementor-element-6b7ca378 elementor-widget elementor-widget-text-editor\" data-id=\"6b7ca378\" data-element_type=\"widget\" data-widget_type=\"text-editor.default\">\n\t\t\t\t<div class=\"elementor-widget-container\">\n\t\t\t\t\t\t\t<h6><strong>Pompaelo Tinto<\/strong><\/h6>\n\t\t\t\t\t\t<\/div>\n\t\t\t\t<\/div>\n\t\t\t\t<div class=\"elementor-element elementor-element-44d9e74c elementor-align-center elementor-tablet-align-center elementor-mobile-align-center elementor-widget elementor-widget-button\" data-id=\"44d9e74c\" data-element_type=\"widget\" data-widget_type=\"button.default\">\n\t\t\t\t<div class=\"elementor-widget-container\">\n\t\t\t\t\t<div class=\"elementor-button-wrapper\">\n\t\t\t<a class=\"elementor-button elementor-button-link elementor-size-sm\" href=\"https:\/\/www.pompaelowines.com\/de\/pompaelo-tinto\/\">\n\t\t\t\t\t\t<span class=\"elementor-button-content-wrapper\">\n\t\t\t\t\t\t<span class=\"elementor-button-text\">Mehr sehen<\/span>\n\t\t<\/span>\n\t\t\t\t\t<\/a>\n\t\t<\/div>\n\t\t\t\t<\/div>\n\t\t\t\t<\/div>\n\t\t\t\t\t<\/div>\n\t\t<\/div>\n\t\t\t\t<div class=\"elementor-column elementor-col-20 elementor-top-column elementor-element elementor-element-0840d4e\" data-id=\"0840d4e\" data-element_type=\"column\">\n\t\t\t<div class=\"elementor-widget-wrap elementor-element-populated\">\n\t\t\t\t\t\t\t\t<div class=\"elementor-element elementor-element-3297a113 elementor-widget elementor-widget-image\" data-id=\"3297a113\" data-element_type=\"widget\" data-widget_type=\"image.default\">\n\t\t\t\t<div class=\"elementor-widget-container\">\n\t\t\t\t\t\t\t\t\t\t\t\t\t\t\t<img decoding=\"async\" width=\"300\" height=\"600\" src=\"https:\/\/www.pompaelowines.com\/wp-content\/uploads\/2018\/08\/rosado_tienda.jpg\" class=\"attachment-large size-large wp-image-2202\" alt=\"\" loading=\"lazy\" srcset=\"https:\/\/www.pompaelowines.com\/wp-content\/uploads\/2018\/08\/rosado_tienda.jpg 300w, https:\/\/www.pompaelowines.com\/wp-content\/uploads\/2018\/08\/rosado_tienda-150x300.jpg 150w\" sizes=\"(max-width: 300px) 100vw, 300px\" \/>\t\t\t\t\t\t\t\t\t\t\t\t\t\t\t<\/div>\n\t\t\t\t<\/div>\n\t\t\t\t<div class=\"elementor-element elementor-element-5920dc52 elementor-widget elementor-widget-text-editor\" data-id=\"5920dc52\" data-element_type=\"widget\" data-widget_type=\"text-editor.default\">\n\t\t\t\t<div class=\"elementor-widget-container\">\n\t\t\t\t\t\t\t<h6><strong>Pompaelo Rosado<\/strong><\/h6>\n\t\t\t\t\t\t<\/div>\n\t\t\t\t<\/div>\n\t\t\t\t<div class=\"elementor-element elementor-element-5ff6f2f0 elementor-align-center elementor-tablet-align-center elementor-mobile-align-center elementor-widget elementor-widget-button\" data-id=\"5ff6f2f0\" data-element_type=\"widget\" data-widget_type=\"button.default\">\n\t\t\t\t<div class=\"elementor-widget-container\">\n\t\t\t\t\t<div class=\"elementor-button-wrapper\">\n\t\t\t<a class=\"elementor-button elementor-button-link elementor-size-sm\" href=\"https:\/\/www.pompaelowines.com\/de\/pompaelo-rosado\/\">\n\t\t\t\t\t\t<span class=\"elementor-button-content-wrapper\">\n\t\t\t\t\t\t<span class=\"elementor-button-text\">Mehr sehen<\/span>\n\t\t<\/span>\n\t\t\t\t\t<\/a>\n\t\t<\/div>\n\t\t\t\t<\/div>\n\t\t\t\t<\/div>\n\t\t\t\t\t<\/div>\n\t\t<\/div>\n\t\t\t\t<div class=\"elementor-column elementor-col-20 elementor-top-column elementor-element elementor-element-cf3379b\" data-id=\"cf3379b\" data-element_type=\"column\">\n\t\t\t<div class=\"elementor-widget-wrap elementor-element-populated\">\n\t\t\t\t\t\t\t\t<div class=\"elementor-element elementor-element-6a2de143 elementor-widget elementor-widget-image\" data-id=\"6a2de143\" data-element_type=\"widget\" data-widget_type=\"image.default\">\n\t\t\t\t<div class=\"elementor-widget-container\">\n\t\t\t\t\t\t\t\t\t\t\t\t\t\t\t<img decoding=\"async\" width=\"300\" height=\"600\" src=\"https:\/\/www.pompaelowines.com\/wp-content\/uploads\/2018\/08\/blanco_tienda.jpg\" class=\"attachment-large size-large wp-image-2200\" alt=\"\" loading=\"lazy\" srcset=\"https:\/\/www.pompaelowines.com\/wp-content\/uploads\/2018\/08\/blanco_tienda.jpg 300w, https:\/\/www.pompaelowines.com\/wp-content\/uploads\/2018\/08\/blanco_tienda-150x300.jpg 150w\" sizes=\"(max-width: 300px) 100vw, 300px\" \/>\t\t\t\t\t\t\t\t\t\t\t\t\t\t\t<\/div>\n\t\t\t\t<\/div>\n\t\t\t\t<div class=\"elementor-element elementor-element-300202ca elementor-widget elementor-widget-text-editor\" data-id=\"300202ca\" data-element_type=\"widget\" data-widget_type=\"text-editor.default\">\n\t\t\t\t<div class=\"elementor-widget-container\">\n\t\t\t\t\t\t\t<h6><strong>Pompaelo Blanco<\/strong><\/h6>\n\t\t\t\t\t\t<\/div>\n\t\t\t\t<\/div>\n\t\t\t\t<div class=\"elementor-element elementor-element-71f54194 elementor-align-center elementor-tablet-align-center elementor-mobile-align-center elementor-widget elementor-widget-button\" data-id=\"71f54194\" data-element_type=\"widget\" data-widget_type=\"button.default\">\n\t\t\t\t<div class=\"elementor-widget-container\">\n\t\t\t\t\t<div class=\"elementor-button-wrapper\">\n\t\t\t<a class=\"elementor-button elementor-button-link elementor-size-sm\" href=\"https:\/\/www.pompaelowines.com\/de\/pompaelo-blanco\/\">\n\t\t\t\t\t\t<span class=\"elementor-button-content-wrapper\">\n\t\t\t\t\t\t<span class=\"elementor-button-text\">Mehr sehen<\/span>\n\t\t<\/span>\n\t\t\t\t\t<\/a>\n\t\t<\/div>\n\t\t\t\t<\/div>\n\t\t\t\t<\/div>\n\t\t\t\t\t<\/div>\n\t\t<\/div>\n\t\t\t\t\t\t\t<\/div>\n\t\t<\/section>\n\t\t\t\t\t\t\t<\/div>\n\t\t","protected":false},"excerpt":{"rendered":"<p>POMPAELO &#8222;BLANC DE NOIR&#8220; WEIN &#8222;3 RIBERAS&#8220; &#8222;Gesch\u00fctzte geografische Angabe, die 2008 gegr\u00fcndet wurde. Der Name 3 Riberas stammt von den drei Hauptfl\u00fcssen, die durch das Produktionsgebiet flie\u00dfen: den Fl\u00fcssen Arga, Ega und Arag\u00f3n.&#8220; VARIET\u00c4T 100% Garnacha AUSARBEITUNG \u201cEin eleganter und raffinierter Wein, der aus Garnacha-Trauben hergestellt wird \u201c VERKOSTUNGSNOTIZEN Helles, blasses Farbspiel mit leicht &#8230; <a title=\"Pompaelo &#8222;Blanc de Noir&#8220;\" class=\"read-more\" href=\"https:\/\/www.pompaelowines.com\/de\/pompaelo-blanc-de-noir\/\" aria-label=\"Mehr zu Pompaelo &#8222;Blanc de Noir&#8220;\">Leer m\u00e1s<\/a><\/p>\n","protected":false},"author":1,"featured_media":0,"parent":0,"menu_order":0,"comment_status":"closed","ping_status":"closed","template":"","meta":[],"_links":{"self":[{"href":"https:\/\/www.pompaelowines.com\/de\/wp-json\/wp\/v2\/pages\/5635"}],"collection":[{"href":"https:\/\/www.pompaelowines.com\/de\/wp-json\/wp\/v2\/pages"}],"about":[{"href":"https:\/\/www.pompaelowines.com\/de\/wp-json\/wp\/v2\/types\/page"}],"author":[{"embeddable":true,"href":"https:\/\/www.pompaelowines.com\/de\/wp-json\/wp\/v2\/users\/1"}],"replies":[{"embeddable":true,"href":"https:\/\/www.pompaelowines.com\/de\/wp-json\/wp\/v2\/comments?post=5635"}],"version-history":[{"count":11,"href":"https:\/\/www.pompaelowines.com\/de\/wp-json\/wp\/v2\/pages\/5635\/revisions"}],"predecessor-version":[{"id":5770,"href":"https:\/\/www.pompaelowines.com\/de\/wp-json\/wp\/v2\/pages\/5635\/revisions\/5770"}],"wp:attachment":[{"href":"https:\/\/www.pompaelowines.com\/de\/wp-json\/wp\/v2\/media?parent=5635"}],"curies":[{"name":"wp","href":"https:\/\/api.w.org\/{rel}","templated":true}]}}