{"id":5154,"date":"2021-09-20T20:09:57","date_gmt":"2021-09-20T18:09:57","guid":{"rendered":"https:\/\/www.pompaelowines.com\/pompaelo-tinto\/"},"modified":"2023-05-26T11:19:12","modified_gmt":"2023-05-26T09:19:12","slug":"pompaelo-tinto","status":"publish","type":"page","link":"https:\/\/www.pompaelowines.com\/de\/pompaelo-tinto\/","title":{"rendered":"Pompaelo Tinto"},"content":{"rendered":"\t\t<div data-elementor-type=\"wp-page\" data-elementor-id=\"5154\" class=\"elementor elementor-5154 elementor-1794\">\n\t\t\t\t\t\t\t\t\t<section class=\"elementor-section elementor-top-section elementor-element elementor-element-b2fe390 elementor-section-full_width elementor-section-height-min-height elementor-section-stretched elementor-section-height-default elementor-section-items-middle\" data-id=\"b2fe390\" data-element_type=\"section\" data-settings=\"{&quot;stretch_section&quot;:&quot;section-stretched&quot;,&quot;background_background&quot;:&quot;classic&quot;}\">\n\t\t\t\t\t\t\t<div class=\"elementor-background-overlay\"><\/div>\n\t\t\t\t\t\t\t<div class=\"elementor-container elementor-column-gap-no\">\n\t\t\t\t\t<div class=\"elementor-column elementor-col-50 elementor-top-column elementor-element elementor-element-387d545\" data-id=\"387d545\" data-element_type=\"column\">\n\t\t\t<div class=\"elementor-widget-wrap\">\n\t\t\t\t\t\t\t\t\t<\/div>\n\t\t<\/div>\n\t\t\t\t<div class=\"elementor-column elementor-col-50 elementor-top-column elementor-element elementor-element-be13a26\" data-id=\"be13a26\" data-element_type=\"column\">\n\t\t\t<div class=\"elementor-widget-wrap elementor-element-populated\">\n\t\t\t\t\t\t\t\t<div class=\"elementor-element elementor-element-527549a elementor-widget elementor-widget-heading\" data-id=\"527549a\" data-element_type=\"widget\" data-widget_type=\"heading.default\">\n\t\t\t\t<div class=\"elementor-widget-container\">\n\t\t\t<style>\/*! elementor - v3.15.0 - 20-08-2023 *\/\n.elementor-heading-title{padding:0;margin:0;line-height:1}.elementor-widget-heading .elementor-heading-title[class*=elementor-size-]>a{color:inherit;font-size:inherit;line-height:inherit}.elementor-widget-heading .elementor-heading-title.elementor-size-small{font-size:15px}.elementor-widget-heading .elementor-heading-title.elementor-size-medium{font-size:19px}.elementor-widget-heading .elementor-heading-title.elementor-size-large{font-size:29px}.elementor-widget-heading .elementor-heading-title.elementor-size-xl{font-size:39px}.elementor-widget-heading .elementor-heading-title.elementor-size-xxl{font-size:59px}<\/style><h2 class=\"elementor-heading-title elementor-size-default\">POMPAELO TINTO<\/h2>\t\t<\/div>\n\t\t\t\t<\/div>\n\t\t\t\t<div class=\"elementor-element elementor-element-2580bb9 elementor-widget elementor-widget-text-editor\" data-id=\"2580bb9\" data-element_type=\"widget\" data-widget_type=\"text-editor.default\">\n\t\t\t\t<div class=\"elementor-widget-container\">\n\t\t\t<style>\/*! elementor - v3.15.0 - 20-08-2023 *\/\n.elementor-widget-text-editor.elementor-drop-cap-view-stacked .elementor-drop-cap{background-color:#69727d;color:#fff}.elementor-widget-text-editor.elementor-drop-cap-view-framed .elementor-drop-cap{color:#69727d;border:3px solid;background-color:transparent}.elementor-widget-text-editor:not(.elementor-drop-cap-view-default) .elementor-drop-cap{margin-top:8px}.elementor-widget-text-editor:not(.elementor-drop-cap-view-default) .elementor-drop-cap-letter{width:1em;height:1em}.elementor-widget-text-editor .elementor-drop-cap{float:left;text-align:center;line-height:1;font-size:50px}.elementor-widget-text-editor .elementor-drop-cap-letter{display:inline-block}<\/style>\t\t\t\t<p><strong>SORTEN<\/strong><\/p><p class=\"alttitle\">Garnacha, Merlot y Tempranillo<\/p><p class=\"alttitle\"><strong>AUSARBEITUNG<\/strong><\/p><p>Nach der alkoholischen und malolaktischen G\u00e4rung wurde der Wein f\u00fcr vier Monate in franz\u00f6sischen und amerikanischen Eichenf\u00e4ssern gelagert. Diese Ma\u00dfnahme verleiht dem Wein Komplexit\u00e4t und Ausgewogenheit, die durch weiche Tannine und eine gute Struktur erg\u00e4nzt werden. <\/p><h5 class=\"alttitle\"> <\/h5>\t\t\t\t\t\t<\/div>\n\t\t\t\t<\/div>\n\t\t\t\t\t<\/div>\n\t\t<\/div>\n\t\t\t\t\t\t\t<\/div>\n\t\t<\/section>\n\t\t\t\t<section class=\"elementor-section elementor-top-section elementor-element elementor-element-b8bf285 elementor-section-full_width elementor-section-height-min-height elementor-section-stretched elementor-section-height-default elementor-section-items-middle\" data-id=\"b8bf285\" data-element_type=\"section\" data-settings=\"{&quot;stretch_section&quot;:&quot;section-stretched&quot;,&quot;background_background&quot;:&quot;classic&quot;}\">\n\t\t\t\t\t\t\t<div class=\"elementor-background-overlay\"><\/div>\n\t\t\t\t\t\t\t<div class=\"elementor-container elementor-column-gap-no\">\n\t\t\t\t\t<div class=\"elementor-column elementor-col-50 elementor-top-column elementor-element elementor-element-67b2488\" data-id=\"67b2488\" data-element_type=\"column\">\n\t\t\t<div class=\"elementor-widget-wrap\">\n\t\t\t\t\t\t\t\t\t<\/div>\n\t\t<\/div>\n\t\t\t\t<div class=\"elementor-column elementor-col-50 elementor-top-column elementor-element elementor-element-f6f5e25\" data-id=\"f6f5e25\" data-element_type=\"column\">\n\t\t\t<div class=\"elementor-widget-wrap elementor-element-populated\">\n\t\t\t\t\t\t\t\t<div class=\"elementor-element elementor-element-93b2220 elementor-widget elementor-widget-text-editor\" data-id=\"93b2220\" data-element_type=\"widget\" data-widget_type=\"text-editor.default\">\n\t\t\t\t<div class=\"elementor-widget-container\">\n\t\t\t\t\t\t\t<p class=\"alttitle\"><strong>VERKOSTUNGSNOTIZEN<\/strong><\/p><p>Intensive kirschrote Farbe mit violetten Reflexen.<\/p><p>In der Nase pr\u00e4sentiert er Aromen von roten Waldfr\u00fcchten mit Noten von Schokolade und Toast.<\/p><p>Im Mund ist er s\u00fc\u00df und weich mit einem fruchtigen und anhaltenden Geschmack, der zum Weitertrinken einl\u00e4dt.<\/p><p class=\"alttitle\"><strong>SPEISENEMPFEHLUNGEN<\/strong><\/p><p>Perfekt zu allen Arten von Fleisch, Pasta und K\u00e4se.<\/p><p><strong>SERVICE<\/strong><\/p><p>Ideale Serviertemperatur: 14\u00baC &#8211; 15\u00baC.<\/p><p> <\/p>\t\t\t\t\t\t<\/div>\n\t\t\t\t<\/div>\n\t\t\t\t\t<\/div>\n\t\t<\/div>\n\t\t\t\t\t\t\t<\/div>\n\t\t<\/section>\n\t\t\t\t<section class=\"elementor-section elementor-top-section elementor-element elementor-element-768cd2e elementor-section-boxed elementor-section-height-default elementor-section-height-default\" data-id=\"768cd2e\" data-element_type=\"section\">\n\t\t\t\t\t\t<div class=\"elementor-container elementor-column-gap-default\">\n\t\t\t\t\t<div class=\"elementor-column elementor-col-25 elementor-top-column elementor-element elementor-element-6a3d2f8\" data-id=\"6a3d2f8\" data-element_type=\"column\">\n\t\t\t<div class=\"elementor-widget-wrap elementor-element-populated\">\n\t\t\t\t\t\t\t\t<div class=\"elementor-element elementor-element-a872d36 elementor-widget elementor-widget-image\" data-id=\"a872d36\" data-element_type=\"widget\" data-widget_type=\"image.default\">\n\t\t\t\t<div class=\"elementor-widget-container\">\n\t\t\t<style>\/*! elementor - v3.15.0 - 20-08-2023 *\/\n.elementor-widget-image{text-align:center}.elementor-widget-image a{display:inline-block}.elementor-widget-image a img[src$=\".svg\"]{width:48px}.elementor-widget-image img{vertical-align:middle;display:inline-block}<\/style>\t\t\t\t\t\t\t\t\t\t\t\t<img decoding=\"async\" width=\"235\" height=\"1024\" src=\"https:\/\/www.pompaelowines.com\/wp-content\/uploads\/2023\/02\/Pompaelo-crianza-235x1024.png\" class=\"attachment-large size-large wp-image-2543\" alt=\"\" loading=\"lazy\" srcset=\"https:\/\/www.pompaelowines.com\/wp-content\/uploads\/2023\/02\/Pompaelo-crianza-235x1024.png 235w, https:\/\/www.pompaelowines.com\/wp-content\/uploads\/2023\/02\/Pompaelo-crianza-69x300.png 69w, https:\/\/www.pompaelowines.com\/wp-content\/uploads\/2023\/02\/Pompaelo-crianza-768x3349.png 768w, https:\/\/www.pompaelowines.com\/wp-content\/uploads\/2023\/02\/Pompaelo-crianza-352x1536.png 352w, https:\/\/www.pompaelowines.com\/wp-content\/uploads\/2023\/02\/Pompaelo-crianza-470x2048.png 470w, https:\/\/www.pompaelowines.com\/wp-content\/uploads\/2023\/02\/Pompaelo-crianza-600x2616.png 600w, https:\/\/www.pompaelowines.com\/wp-content\/uploads\/2023\/02\/Pompaelo-crianza.png 1035w\" sizes=\"(max-width: 235px) 100vw, 235px\" \/>\t\t\t\t\t\t\t\t\t\t\t\t\t\t\t<\/div>\n\t\t\t\t<\/div>\n\t\t\t\t<div class=\"elementor-element elementor-element-53f50b2 elementor-widget elementor-widget-text-editor\" data-id=\"53f50b2\" data-element_type=\"widget\" data-widget_type=\"text-editor.default\">\n\t\t\t\t<div class=\"elementor-widget-container\">\n\t\t\t\t\t\t\t<h6><strong>Pompaelo Crianza<\/strong><\/h6>\t\t\t\t\t\t<\/div>\n\t\t\t\t<\/div>\n\t\t\t\t<div class=\"elementor-element elementor-element-7927d50 elementor-align-center elementor-tablet-align-center elementor-mobile-align-center elementor-widget elementor-widget-button\" data-id=\"7927d50\" data-element_type=\"widget\" data-widget_type=\"button.default\">\n\t\t\t\t<div class=\"elementor-widget-container\">\n\t\t\t\t\t<div class=\"elementor-button-wrapper\">\n\t\t\t<a class=\"elementor-button elementor-button-link elementor-size-sm\" href=\"https:\/\/www.pompaelowines.com\/de\/pompaelo-crianza\/\">\n\t\t\t\t\t\t<span class=\"elementor-button-content-wrapper\">\n\t\t\t\t\t\t<span class=\"elementor-button-text\">Mehr sehen<\/span>\n\t\t<\/span>\n\t\t\t\t\t<\/a>\n\t\t<\/div>\n\t\t\t\t<\/div>\n\t\t\t\t<\/div>\n\t\t\t\t\t<\/div>\n\t\t<\/div>\n\t\t\t\t<div class=\"elementor-column elementor-col-25 elementor-top-column elementor-element elementor-element-d95c83e\" data-id=\"d95c83e\" data-element_type=\"column\">\n\t\t\t<div class=\"elementor-widget-wrap elementor-element-populated\">\n\t\t\t\t\t\t\t\t<div class=\"elementor-element elementor-element-cc86d4d elementor-widget elementor-widget-image\" data-id=\"cc86d4d\" data-element_type=\"widget\" data-widget_type=\"image.default\">\n\t\t\t\t<div class=\"elementor-widget-container\">\n\t\t\t\t\t\t\t\t\t\t\t\t\t\t\t<img decoding=\"async\" width=\"372\" height=\"1024\" src=\"https:\/\/www.pompaelowines.com\/wp-content\/uploads\/2023\/03\/azul-dorada-H-372x1024.png\" class=\"attachment-large size-large wp-image-4644\" alt=\"\" loading=\"lazy\" srcset=\"https:\/\/www.pompaelowines.com\/wp-content\/uploads\/2023\/03\/azul-dorada-H-372x1024.png 372w, https:\/\/www.pompaelowines.com\/wp-content\/uploads\/2023\/03\/azul-dorada-H-109x300.png 109w, https:\/\/www.pompaelowines.com\/wp-content\/uploads\/2023\/03\/azul-dorada-H-768x2111.png 768w, https:\/\/www.pompaelowines.com\/wp-content\/uploads\/2023\/03\/azul-dorada-H-745x2048.png 745w, https:\/\/www.pompaelowines.com\/wp-content\/uploads\/2023\/03\/azul-dorada-H-600x1650.png 600w, https:\/\/www.pompaelowines.com\/wp-content\/uploads\/2023\/03\/azul-dorada-H.png 945w\" sizes=\"(max-width: 372px) 100vw, 372px\" \/>\t\t\t\t\t\t\t\t\t\t\t\t\t\t\t<\/div>\n\t\t\t\t<\/div>\n\t\t\t\t<div class=\"elementor-element elementor-element-f604a5c elementor-widget elementor-widget-text-editor\" data-id=\"f604a5c\" data-element_type=\"widget\" data-widget_type=\"text-editor.default\">\n\t\t\t\t<div class=\"elementor-widget-container\">\n\t\t\t\t\t\t\t<h6><strong>Pompaelo Old Vines<\/strong><\/h6>\t\t\t\t\t\t<\/div>\n\t\t\t\t<\/div>\n\t\t\t\t<div class=\"elementor-element elementor-element-fbee3dc elementor-align-center elementor-tablet-align-center elementor-mobile-align-center elementor-widget elementor-widget-button\" data-id=\"fbee3dc\" data-element_type=\"widget\" data-widget_type=\"button.default\">\n\t\t\t\t<div class=\"elementor-widget-container\">\n\t\t\t\t\t<div class=\"elementor-button-wrapper\">\n\t\t\t<a class=\"elementor-button elementor-button-link elementor-size-sm\" href=\"https:\/\/www.pompaelowines.com\/de\/pompaelo-garnacha-old-vines\/\">\n\t\t\t\t\t\t<span class=\"elementor-button-content-wrapper\">\n\t\t\t\t\t\t<span class=\"elementor-button-text\">Mehr sehen<\/span>\n\t\t<\/span>\n\t\t\t\t\t<\/a>\n\t\t<\/div>\n\t\t\t\t<\/div>\n\t\t\t\t<\/div>\n\t\t\t\t\t<\/div>\n\t\t<\/div>\n\t\t\t\t<div class=\"elementor-column elementor-col-25 elementor-top-column elementor-element elementor-element-69cd213\" data-id=\"69cd213\" data-element_type=\"column\">\n\t\t\t<div class=\"elementor-widget-wrap elementor-element-populated\">\n\t\t\t\t\t\t\t\t<div class=\"elementor-element elementor-element-00c7492 elementor-widget elementor-widget-image\" data-id=\"00c7492\" data-element_type=\"widget\" data-widget_type=\"image.default\">\n\t\t\t\t<div class=\"elementor-widget-container\">\n\t\t\t\t\t\t\t\t\t\t\t\t\t\t\t<img decoding=\"async\" width=\"300\" height=\"600\" src=\"https:\/\/www.pompaelowines.com\/wp-content\/uploads\/2018\/08\/rosado_tienda.jpg\" class=\"attachment-large size-large wp-image-2202\" alt=\"\" loading=\"lazy\" srcset=\"https:\/\/www.pompaelowines.com\/wp-content\/uploads\/2018\/08\/rosado_tienda.jpg 300w, https:\/\/www.pompaelowines.com\/wp-content\/uploads\/2018\/08\/rosado_tienda-150x300.jpg 150w\" sizes=\"(max-width: 300px) 100vw, 300px\" \/>\t\t\t\t\t\t\t\t\t\t\t\t\t\t\t<\/div>\n\t\t\t\t<\/div>\n\t\t\t\t<div class=\"elementor-element elementor-element-215a989 elementor-widget elementor-widget-text-editor\" data-id=\"215a989\" data-element_type=\"widget\" data-widget_type=\"text-editor.default\">\n\t\t\t\t<div class=\"elementor-widget-container\">\n\t\t\t\t\t\t\t<h6><strong>Pompaelo Rosado<\/strong><\/h6>\t\t\t\t\t\t<\/div>\n\t\t\t\t<\/div>\n\t\t\t\t<div class=\"elementor-element elementor-element-0618964 elementor-align-center elementor-tablet-align-center elementor-mobile-align-center elementor-widget elementor-widget-button\" data-id=\"0618964\" data-element_type=\"widget\" data-widget_type=\"button.default\">\n\t\t\t\t<div class=\"elementor-widget-container\">\n\t\t\t\t\t<div class=\"elementor-button-wrapper\">\n\t\t\t<a class=\"elementor-button elementor-button-link elementor-size-sm\" href=\"https:\/\/www.pompaelowines.com\/de\/pompaelo-rosado\/\">\n\t\t\t\t\t\t<span class=\"elementor-button-content-wrapper\">\n\t\t\t\t\t\t<span class=\"elementor-button-text\">Mehr sehen<\/span>\n\t\t<\/span>\n\t\t\t\t\t<\/a>\n\t\t<\/div>\n\t\t\t\t<\/div>\n\t\t\t\t<\/div>\n\t\t\t\t\t<\/div>\n\t\t<\/div>\n\t\t\t\t<div class=\"elementor-column elementor-col-25 elementor-top-column elementor-element elementor-element-83a3834\" data-id=\"83a3834\" data-element_type=\"column\">\n\t\t\t<div class=\"elementor-widget-wrap elementor-element-populated\">\n\t\t\t\t\t\t\t\t<div class=\"elementor-element elementor-element-b8a9107 elementor-widget elementor-widget-image\" data-id=\"b8a9107\" data-element_type=\"widget\" data-widget_type=\"image.default\">\n\t\t\t\t<div class=\"elementor-widget-container\">\n\t\t\t\t\t\t\t\t\t\t\t\t\t\t\t<img decoding=\"async\" width=\"300\" height=\"600\" src=\"https:\/\/www.pompaelowines.com\/wp-content\/uploads\/2018\/08\/blanco_tienda.jpg\" class=\"attachment-large size-large wp-image-2200\" alt=\"\" loading=\"lazy\" srcset=\"https:\/\/www.pompaelowines.com\/wp-content\/uploads\/2018\/08\/blanco_tienda.jpg 300w, https:\/\/www.pompaelowines.com\/wp-content\/uploads\/2018\/08\/blanco_tienda-150x300.jpg 150w\" sizes=\"(max-width: 300px) 100vw, 300px\" \/>\t\t\t\t\t\t\t\t\t\t\t\t\t\t\t<\/div>\n\t\t\t\t<\/div>\n\t\t\t\t<div class=\"elementor-element elementor-element-ba1d930 elementor-widget elementor-widget-text-editor\" data-id=\"ba1d930\" data-element_type=\"widget\" data-widget_type=\"text-editor.default\">\n\t\t\t\t<div class=\"elementor-widget-container\">\n\t\t\t\t\t\t\t<h6><strong>Pompaelo Blanco<\/strong><\/h6>\t\t\t\t\t\t<\/div>\n\t\t\t\t<\/div>\n\t\t\t\t<div class=\"elementor-element elementor-element-a0efa94 elementor-align-center elementor-tablet-align-center elementor-mobile-align-center elementor-widget elementor-widget-button\" data-id=\"a0efa94\" data-element_type=\"widget\" data-widget_type=\"button.default\">\n\t\t\t\t<div class=\"elementor-widget-container\">\n\t\t\t\t\t<div class=\"elementor-button-wrapper\">\n\t\t\t<a class=\"elementor-button elementor-button-link elementor-size-sm\" href=\"https:\/\/www.pompaelowines.com\/de\/pompaelo-blanco\/\">\n\t\t\t\t\t\t<span class=\"elementor-button-content-wrapper\">\n\t\t\t\t\t\t<span class=\"elementor-button-text\">Mehr sehen<\/span>\n\t\t<\/span>\n\t\t\t\t\t<\/a>\n\t\t<\/div>\n\t\t\t\t<\/div>\n\t\t\t\t<\/div>\n\t\t\t\t\t<\/div>\n\t\t<\/div>\n\t\t\t\t\t\t\t<\/div>\n\t\t<\/section>\n\t\t\t\t\t\t\t<\/div>\n\t\t","protected":false},"excerpt":{"rendered":"<p>POMPAELO TINTO SORTEN Garnacha, Merlot y Tempranillo AUSARBEITUNG Nach der alkoholischen und malolaktischen G\u00e4rung wurde der Wein f\u00fcr vier Monate in franz\u00f6sischen und amerikanischen Eichenf\u00e4ssern gelagert. Diese Ma\u00dfnahme verleiht dem Wein Komplexit\u00e4t und Ausgewogenheit, die durch weiche Tannine und eine gute Struktur erg\u00e4nzt werden. VERKOSTUNGSNOTIZEN Intensive kirschrote Farbe mit violetten Reflexen. In der Nase pr\u00e4sentiert &#8230; <a title=\"Pompaelo Tinto\" class=\"read-more\" href=\"https:\/\/www.pompaelowines.com\/de\/pompaelo-tinto\/\" aria-label=\"Mehr zu Pompaelo Tinto\">Leer m\u00e1s<\/a><\/p>\n","protected":false},"author":1,"featured_media":0,"parent":0,"menu_order":0,"comment_status":"closed","ping_status":"closed","template":"","meta":[],"_links":{"self":[{"href":"https:\/\/www.pompaelowines.com\/de\/wp-json\/wp\/v2\/pages\/5154"}],"collection":[{"href":"https:\/\/www.pompaelowines.com\/de\/wp-json\/wp\/v2\/pages"}],"about":[{"href":"https:\/\/www.pompaelowines.com\/de\/wp-json\/wp\/v2\/types\/page"}],"author":[{"embeddable":true,"href":"https:\/\/www.pompaelowines.com\/de\/wp-json\/wp\/v2\/users\/1"}],"replies":[{"embeddable":true,"href":"https:\/\/www.pompaelowines.com\/de\/wp-json\/wp\/v2\/comments?post=5154"}],"version-history":[{"count":1,"href":"https:\/\/www.pompaelowines.com\/de\/wp-json\/wp\/v2\/pages\/5154\/revisions"}],"predecessor-version":[{"id":5155,"href":"https:\/\/www.pompaelowines.com\/de\/wp-json\/wp\/v2\/pages\/5154\/revisions\/5155"}],"wp:attachment":[{"href":"https:\/\/www.pompaelowines.com\/de\/wp-json\/wp\/v2\/media?parent=5154"}],"curies":[{"name":"wp","href":"https:\/\/api.w.org\/{rel}","templated":true}]}}