{"id":5148,"date":"2021-08-23T23:16:21","date_gmt":"2021-08-23T21:16:21","guid":{"rendered":"https:\/\/www.pompaelowines.com\/pompaelo-crianza\/"},"modified":"2023-05-26T10:53:09","modified_gmt":"2023-05-26T08:53:09","slug":"pompaelo-crianza","status":"publish","type":"page","link":"https:\/\/www.pompaelowines.com\/de\/pompaelo-crianza\/","title":{"rendered":"Pompaelo Crianza"},"content":{"rendered":"\t\t<div data-elementor-type=\"wp-page\" data-elementor-id=\"5148\" class=\"elementor elementor-5148 elementor-1195\">\n\t\t\t\t\t\t\t\t\t<section class=\"elementor-section elementor-top-section elementor-element elementor-element-d0632a0 elementor-section-full_width elementor-section-height-min-height elementor-section-stretched elementor-section-height-default elementor-section-items-middle\" data-id=\"d0632a0\" data-element_type=\"section\" data-settings=\"{&quot;stretch_section&quot;:&quot;section-stretched&quot;,&quot;background_background&quot;:&quot;classic&quot;}\">\n\t\t\t\t\t\t\t<div class=\"elementor-background-overlay\"><\/div>\n\t\t\t\t\t\t\t<div class=\"elementor-container elementor-column-gap-no\">\n\t\t\t\t\t<div class=\"elementor-column elementor-col-50 elementor-top-column elementor-element elementor-element-f17efa3\" data-id=\"f17efa3\" data-element_type=\"column\">\n\t\t\t<div class=\"elementor-widget-wrap\">\n\t\t\t\t\t\t\t\t\t<\/div>\n\t\t<\/div>\n\t\t\t\t<div class=\"elementor-column elementor-col-50 elementor-top-column elementor-element elementor-element-c69f23c\" data-id=\"c69f23c\" data-element_type=\"column\">\n\t\t\t<div class=\"elementor-widget-wrap elementor-element-populated\">\n\t\t\t\t\t\t\t\t<div class=\"elementor-element elementor-element-fd54879 elementor-widget elementor-widget-heading\" data-id=\"fd54879\" data-element_type=\"widget\" data-widget_type=\"heading.default\">\n\t\t\t\t<div class=\"elementor-widget-container\">\n\t\t\t<style>\/*! elementor - v3.15.0 - 20-08-2023 *\/\n.elementor-heading-title{padding:0;margin:0;line-height:1}.elementor-widget-heading .elementor-heading-title[class*=elementor-size-]>a{color:inherit;font-size:inherit;line-height:inherit}.elementor-widget-heading .elementor-heading-title.elementor-size-small{font-size:15px}.elementor-widget-heading .elementor-heading-title.elementor-size-medium{font-size:19px}.elementor-widget-heading .elementor-heading-title.elementor-size-large{font-size:29px}.elementor-widget-heading .elementor-heading-title.elementor-size-xl{font-size:39px}.elementor-widget-heading .elementor-heading-title.elementor-size-xxl{font-size:59px}<\/style><h2 class=\"elementor-heading-title elementor-size-default\">POMPAELO CRIANZA <\/h2>\t\t<\/div>\n\t\t\t\t<\/div>\n\t\t\t\t<div class=\"elementor-element elementor-element-ec4defa elementor-widget elementor-widget-text-editor\" data-id=\"ec4defa\" data-element_type=\"widget\" data-widget_type=\"text-editor.default\">\n\t\t\t\t<div class=\"elementor-widget-container\">\n\t\t\t<style>\/*! elementor - v3.15.0 - 20-08-2023 *\/\n.elementor-widget-text-editor.elementor-drop-cap-view-stacked .elementor-drop-cap{background-color:#69727d;color:#fff}.elementor-widget-text-editor.elementor-drop-cap-view-framed .elementor-drop-cap{color:#69727d;border:3px solid;background-color:transparent}.elementor-widget-text-editor:not(.elementor-drop-cap-view-default) .elementor-drop-cap{margin-top:8px}.elementor-widget-text-editor:not(.elementor-drop-cap-view-default) .elementor-drop-cap-letter{width:1em;height:1em}.elementor-widget-text-editor .elementor-drop-cap{float:left;text-align:center;line-height:1;font-size:50px}.elementor-widget-text-editor .elementor-drop-cap-letter{display:inline-block}<\/style>\t\t\t\t<p><strong>SORTEN<\/strong><\/p><p class=\"alttitle\">Garnacha, Cabernet S., Merlot y Tempranillo<\/p><p class=\"alttitle\"><strong>ALTERUNG<\/strong><\/p><p>Die Reifung erfolgte f\u00fcr 12 Monate in franz\u00f6sischen und amerikanischen Eichenf\u00e4ssern. Nach dieser Zeit ruht der Wein f\u00fcr weitere 12 Monate in der Flasche, bevor er auf den Markt kommt.<\/p><h5 class=\"alttitle\"> <\/h5>\t\t\t\t\t\t<\/div>\n\t\t\t\t<\/div>\n\t\t\t\t\t<\/div>\n\t\t<\/div>\n\t\t\t\t\t\t\t<\/div>\n\t\t<\/section>\n\t\t\t\t<section class=\"elementor-section elementor-top-section elementor-element elementor-element-c79acbe elementor-section-full_width elementor-section-height-min-height elementor-section-stretched elementor-section-height-default elementor-section-items-middle\" data-id=\"c79acbe\" data-element_type=\"section\" data-settings=\"{&quot;stretch_section&quot;:&quot;section-stretched&quot;,&quot;background_background&quot;:&quot;classic&quot;}\">\n\t\t\t\t\t\t\t<div class=\"elementor-background-overlay\"><\/div>\n\t\t\t\t\t\t\t<div class=\"elementor-container elementor-column-gap-no\">\n\t\t\t\t\t<div class=\"elementor-column elementor-col-50 elementor-top-column elementor-element elementor-element-fbd3582\" data-id=\"fbd3582\" data-element_type=\"column\">\n\t\t\t<div class=\"elementor-widget-wrap\">\n\t\t\t\t\t\t\t\t\t<\/div>\n\t\t<\/div>\n\t\t\t\t<div class=\"elementor-column elementor-col-50 elementor-top-column elementor-element elementor-element-a8ac852\" data-id=\"a8ac852\" data-element_type=\"column\">\n\t\t\t<div class=\"elementor-widget-wrap elementor-element-populated\">\n\t\t\t\t\t\t\t\t<div class=\"elementor-element elementor-element-1588828 elementor-widget elementor-widget-text-editor\" data-id=\"1588828\" data-element_type=\"widget\" data-widget_type=\"text-editor.default\">\n\t\t\t\t<div class=\"elementor-widget-container\">\n\t\t\t\t\t\t\t<p class=\"alttitle\"><strong>VERKOSTUNGSNOTIZEN<\/strong><\/p><p>Intensive kirschrote Farbe.<\/p><p>In der Nase zeigt er Aromen von reifen roten Fr\u00fcchten, Brombeermarmelade mit Toastnoten und einem w\u00fcrzigen Hintergrund.<\/p><p>Im Mund ist er schmackhaft, ausgewogen, mit edlen Tanninen und gro\u00dfer Ausdauer.<\/p><p class=\"alttitle\"><strong>SPEISENEMPFEHLUNGEN<\/strong><\/p><p>Es passt perfekt zu Eint\u00f6pfen, Fleischgerichten und gereiftem K\u00e4se.<\/p><p><strong>SERVICE<\/strong><\/p><p>Ideale Serviertemperatur: 16\u00baC \u2013 18\u00baC.<\/p><p>Es wird empfohlen, ihn einige Minuten atmen zu lassen, bevor er serviert wird.<\/p>\t\t\t\t\t\t<\/div>\n\t\t\t\t<\/div>\n\t\t\t\t\t<\/div>\n\t\t<\/div>\n\t\t\t\t\t\t\t<\/div>\n\t\t<\/section>\n\t\t\t\t<section class=\"elementor-section elementor-top-section elementor-element elementor-element-2e14066 elementor-section-boxed elementor-section-height-default elementor-section-height-default\" data-id=\"2e14066\" data-element_type=\"section\">\n\t\t\t\t\t\t<div class=\"elementor-container elementor-column-gap-default\">\n\t\t\t\t\t<div class=\"elementor-column elementor-col-25 elementor-top-column elementor-element elementor-element-160d35c\" data-id=\"160d35c\" data-element_type=\"column\">\n\t\t\t<div class=\"elementor-widget-wrap elementor-element-populated\">\n\t\t\t\t\t\t\t\t<div class=\"elementor-element elementor-element-c4a1e77 elementor-widget elementor-widget-image\" data-id=\"c4a1e77\" data-element_type=\"widget\" data-widget_type=\"image.default\">\n\t\t\t\t<div class=\"elementor-widget-container\">\n\t\t\t<style>\/*! elementor - v3.15.0 - 20-08-2023 *\/\n.elementor-widget-image{text-align:center}.elementor-widget-image a{display:inline-block}.elementor-widget-image a img[src$=\".svg\"]{width:48px}.elementor-widget-image img{vertical-align:middle;display:inline-block}<\/style>\t\t\t\t\t\t\t\t\t\t\t\t<img decoding=\"async\" width=\"372\" height=\"1024\" src=\"https:\/\/www.pompaelowines.com\/wp-content\/uploads\/2023\/03\/azul-dorada-H-372x1024.png\" class=\"attachment-large size-large wp-image-4644\" alt=\"\" loading=\"lazy\" srcset=\"https:\/\/www.pompaelowines.com\/wp-content\/uploads\/2023\/03\/azul-dorada-H-372x1024.png 372w, https:\/\/www.pompaelowines.com\/wp-content\/uploads\/2023\/03\/azul-dorada-H-109x300.png 109w, https:\/\/www.pompaelowines.com\/wp-content\/uploads\/2023\/03\/azul-dorada-H-768x2111.png 768w, https:\/\/www.pompaelowines.com\/wp-content\/uploads\/2023\/03\/azul-dorada-H-745x2048.png 745w, https:\/\/www.pompaelowines.com\/wp-content\/uploads\/2023\/03\/azul-dorada-H-600x1650.png 600w, https:\/\/www.pompaelowines.com\/wp-content\/uploads\/2023\/03\/azul-dorada-H.png 945w\" sizes=\"(max-width: 372px) 100vw, 372px\" \/>\t\t\t\t\t\t\t\t\t\t\t\t\t\t\t<\/div>\n\t\t\t\t<\/div>\n\t\t\t\t<div class=\"elementor-element elementor-element-60a675d elementor-widget elementor-widget-text-editor\" data-id=\"60a675d\" data-element_type=\"widget\" data-widget_type=\"text-editor.default\">\n\t\t\t\t<div class=\"elementor-widget-container\">\n\t\t\t\t\t\t\t<h6><strong>Pompaelo Old Vines<\/strong><\/h6>\t\t\t\t\t\t<\/div>\n\t\t\t\t<\/div>\n\t\t\t\t<div class=\"elementor-element elementor-element-3bdac58 elementor-align-center elementor-tablet-align-center elementor-mobile-align-center elementor-widget elementor-widget-button\" data-id=\"3bdac58\" data-element_type=\"widget\" data-widget_type=\"button.default\">\n\t\t\t\t<div class=\"elementor-widget-container\">\n\t\t\t\t\t<div class=\"elementor-button-wrapper\">\n\t\t\t<a class=\"elementor-button elementor-button-link elementor-size-sm\" href=\"https:\/\/www.pompaelowines.com\/pompaelo_garnacha_old_vines\/\">\n\t\t\t\t\t\t<span class=\"elementor-button-content-wrapper\">\n\t\t\t\t\t\t<span class=\"elementor-button-text\">Mehr sehen<\/span>\n\t\t<\/span>\n\t\t\t\t\t<\/a>\n\t\t<\/div>\n\t\t\t\t<\/div>\n\t\t\t\t<\/div>\n\t\t\t\t\t<\/div>\n\t\t<\/div>\n\t\t\t\t<div class=\"elementor-column elementor-col-25 elementor-top-column elementor-element elementor-element-01b234b\" data-id=\"01b234b\" data-element_type=\"column\">\n\t\t\t<div class=\"elementor-widget-wrap elementor-element-populated\">\n\t\t\t\t\t\t\t\t<div class=\"elementor-element elementor-element-9a5b8b4 elementor-widget elementor-widget-image\" data-id=\"9a5b8b4\" data-element_type=\"widget\" data-widget_type=\"image.default\">\n\t\t\t\t<div class=\"elementor-widget-container\">\n\t\t\t\t\t\t\t\t\t\t\t\t\t\t\t<img decoding=\"async\" width=\"300\" height=\"600\" src=\"https:\/\/www.pompaelowines.com\/wp-content\/uploads\/2018\/08\/tinto_tienda.jpg\" class=\"attachment-large size-large wp-image-2206\" alt=\"\" loading=\"lazy\" srcset=\"https:\/\/www.pompaelowines.com\/wp-content\/uploads\/2018\/08\/tinto_tienda.jpg 300w, https:\/\/www.pompaelowines.com\/wp-content\/uploads\/2018\/08\/tinto_tienda-150x300.jpg 150w\" sizes=\"(max-width: 300px) 100vw, 300px\" \/>\t\t\t\t\t\t\t\t\t\t\t\t\t\t\t<\/div>\n\t\t\t\t<\/div>\n\t\t\t\t<div class=\"elementor-element elementor-element-c2b604b elementor-widget elementor-widget-text-editor\" data-id=\"c2b604b\" data-element_type=\"widget\" data-widget_type=\"text-editor.default\">\n\t\t\t\t<div class=\"elementor-widget-container\">\n\t\t\t\t\t\t\t<h6><strong>Pompaelo Tinto<\/strong><\/h6>\t\t\t\t\t\t<\/div>\n\t\t\t\t<\/div>\n\t\t\t\t<div class=\"elementor-element elementor-element-b4f55fd elementor-align-center elementor-tablet-align-center elementor-mobile-align-center elementor-widget elementor-widget-button\" data-id=\"b4f55fd\" data-element_type=\"widget\" data-widget_type=\"button.default\">\n\t\t\t\t<div class=\"elementor-widget-container\">\n\t\t\t\t\t<div class=\"elementor-button-wrapper\">\n\t\t\t<a class=\"elementor-button elementor-button-link elementor-size-sm\" href=\"https:\/\/www.pompaelowines.com\/pompaelo-tinto\/\">\n\t\t\t\t\t\t<span class=\"elementor-button-content-wrapper\">\n\t\t\t\t\t\t<span class=\"elementor-button-text\">Mehr sehen<\/span>\n\t\t<\/span>\n\t\t\t\t\t<\/a>\n\t\t<\/div>\n\t\t\t\t<\/div>\n\t\t\t\t<\/div>\n\t\t\t\t\t<\/div>\n\t\t<\/div>\n\t\t\t\t<div class=\"elementor-column elementor-col-25 elementor-top-column elementor-element elementor-element-047058e\" data-id=\"047058e\" data-element_type=\"column\">\n\t\t\t<div class=\"elementor-widget-wrap elementor-element-populated\">\n\t\t\t\t\t\t\t\t<div class=\"elementor-element elementor-element-0acdcf7 elementor-widget elementor-widget-image\" data-id=\"0acdcf7\" data-element_type=\"widget\" data-widget_type=\"image.default\">\n\t\t\t\t<div class=\"elementor-widget-container\">\n\t\t\t\t\t\t\t\t\t\t\t\t\t\t\t<img decoding=\"async\" width=\"300\" height=\"600\" src=\"https:\/\/www.pompaelowines.com\/wp-content\/uploads\/2018\/08\/rosado_tienda.jpg\" class=\"attachment-large size-large wp-image-2202\" alt=\"\" loading=\"lazy\" srcset=\"https:\/\/www.pompaelowines.com\/wp-content\/uploads\/2018\/08\/rosado_tienda.jpg 300w, https:\/\/www.pompaelowines.com\/wp-content\/uploads\/2018\/08\/rosado_tienda-150x300.jpg 150w\" sizes=\"(max-width: 300px) 100vw, 300px\" \/>\t\t\t\t\t\t\t\t\t\t\t\t\t\t\t<\/div>\n\t\t\t\t<\/div>\n\t\t\t\t<div class=\"elementor-element elementor-element-4ab2328 elementor-widget elementor-widget-text-editor\" data-id=\"4ab2328\" data-element_type=\"widget\" data-widget_type=\"text-editor.default\">\n\t\t\t\t<div class=\"elementor-widget-container\">\n\t\t\t\t\t\t\t<h6><strong>Pompaelo Rosado<\/strong><\/h6>\t\t\t\t\t\t<\/div>\n\t\t\t\t<\/div>\n\t\t\t\t<div class=\"elementor-element elementor-element-9e6b1db elementor-align-center elementor-tablet-align-center elementor-mobile-align-center elementor-widget elementor-widget-button\" data-id=\"9e6b1db\" data-element_type=\"widget\" data-widget_type=\"button.default\">\n\t\t\t\t<div class=\"elementor-widget-container\">\n\t\t\t\t\t<div class=\"elementor-button-wrapper\">\n\t\t\t<a class=\"elementor-button elementor-button-link elementor-size-sm\" href=\"https:\/\/www.pompaelowines.com\/pompaelo-rosado\/\">\n\t\t\t\t\t\t<span class=\"elementor-button-content-wrapper\">\n\t\t\t\t\t\t<span class=\"elementor-button-text\">Mehr sehen<\/span>\n\t\t<\/span>\n\t\t\t\t\t<\/a>\n\t\t<\/div>\n\t\t\t\t<\/div>\n\t\t\t\t<\/div>\n\t\t\t\t\t<\/div>\n\t\t<\/div>\n\t\t\t\t<div class=\"elementor-column elementor-col-25 elementor-top-column elementor-element elementor-element-45f05b2\" data-id=\"45f05b2\" data-element_type=\"column\">\n\t\t\t<div class=\"elementor-widget-wrap elementor-element-populated\">\n\t\t\t\t\t\t\t\t<div class=\"elementor-element elementor-element-82eaeeb elementor-widget elementor-widget-image\" data-id=\"82eaeeb\" data-element_type=\"widget\" data-widget_type=\"image.default\">\n\t\t\t\t<div class=\"elementor-widget-container\">\n\t\t\t\t\t\t\t\t\t\t\t\t\t\t\t<img decoding=\"async\" width=\"300\" height=\"600\" src=\"https:\/\/www.pompaelowines.com\/wp-content\/uploads\/2018\/08\/blanco_tienda.jpg\" class=\"attachment-large size-large wp-image-2200\" alt=\"\" loading=\"lazy\" srcset=\"https:\/\/www.pompaelowines.com\/wp-content\/uploads\/2018\/08\/blanco_tienda.jpg 300w, https:\/\/www.pompaelowines.com\/wp-content\/uploads\/2018\/08\/blanco_tienda-150x300.jpg 150w\" sizes=\"(max-width: 300px) 100vw, 300px\" \/>\t\t\t\t\t\t\t\t\t\t\t\t\t\t\t<\/div>\n\t\t\t\t<\/div>\n\t\t\t\t<div class=\"elementor-element elementor-element-48101f1 elementor-widget elementor-widget-text-editor\" data-id=\"48101f1\" data-element_type=\"widget\" data-widget_type=\"text-editor.default\">\n\t\t\t\t<div class=\"elementor-widget-container\">\n\t\t\t\t\t\t\t<h6><strong>Pompaelo Blanco<\/strong><\/h6>\t\t\t\t\t\t<\/div>\n\t\t\t\t<\/div>\n\t\t\t\t<div class=\"elementor-element elementor-element-444a2b1 elementor-align-center elementor-tablet-align-center elementor-mobile-align-center elementor-widget elementor-widget-button\" data-id=\"444a2b1\" data-element_type=\"widget\" data-widget_type=\"button.default\">\n\t\t\t\t<div class=\"elementor-widget-container\">\n\t\t\t\t\t<div class=\"elementor-button-wrapper\">\n\t\t\t<a class=\"elementor-button elementor-button-link elementor-size-sm\" href=\"https:\/\/www.pompaelowines.com\/de\/pompaelo-blanco\/\">\n\t\t\t\t\t\t<span class=\"elementor-button-content-wrapper\">\n\t\t\t\t\t\t<span class=\"elementor-button-text\">Mehr sehen<\/span>\n\t\t<\/span>\n\t\t\t\t\t<\/a>\n\t\t<\/div>\n\t\t\t\t<\/div>\n\t\t\t\t<\/div>\n\t\t\t\t\t<\/div>\n\t\t<\/div>\n\t\t\t\t\t\t\t<\/div>\n\t\t<\/section>\n\t\t\t\t\t\t\t<\/div>\n\t\t","protected":false},"excerpt":{"rendered":"<p>POMPAELO CRIANZA SORTEN Garnacha, Cabernet S., Merlot y Tempranillo ALTERUNG Die Reifung erfolgte f\u00fcr 12 Monate in franz\u00f6sischen und amerikanischen Eichenf\u00e4ssern. Nach dieser Zeit ruht der Wein f\u00fcr weitere 12 Monate in der Flasche, bevor er auf den Markt kommt. VERKOSTUNGSNOTIZEN Intensive kirschrote Farbe. In der Nase zeigt er Aromen von reifen roten Fr\u00fcchten, Brombeermarmelade &#8230; <a title=\"Pompaelo Crianza\" class=\"read-more\" href=\"https:\/\/www.pompaelowines.com\/de\/pompaelo-crianza\/\" aria-label=\"Mehr zu Pompaelo Crianza\">Leer m\u00e1s<\/a><\/p>\n","protected":false},"author":1,"featured_media":0,"parent":0,"menu_order":0,"comment_status":"closed","ping_status":"closed","template":"","meta":[],"_links":{"self":[{"href":"https:\/\/www.pompaelowines.com\/de\/wp-json\/wp\/v2\/pages\/5148"}],"collection":[{"href":"https:\/\/www.pompaelowines.com\/de\/wp-json\/wp\/v2\/pages"}],"about":[{"href":"https:\/\/www.pompaelowines.com\/de\/wp-json\/wp\/v2\/types\/page"}],"author":[{"embeddable":true,"href":"https:\/\/www.pompaelowines.com\/de\/wp-json\/wp\/v2\/users\/1"}],"replies":[{"embeddable":true,"href":"https:\/\/www.pompaelowines.com\/de\/wp-json\/wp\/v2\/comments?post=5148"}],"version-history":[{"count":1,"href":"https:\/\/www.pompaelowines.com\/de\/wp-json\/wp\/v2\/pages\/5148\/revisions"}],"predecessor-version":[{"id":5149,"href":"https:\/\/www.pompaelowines.com\/de\/wp-json\/wp\/v2\/pages\/5148\/revisions\/5149"}],"wp:attachment":[{"href":"https:\/\/www.pompaelowines.com\/de\/wp-json\/wp\/v2\/media?parent=5148"}],"curies":[{"name":"wp","href":"https:\/\/api.w.org\/{rel}","templated":true}]}}